{"id":605,"date":"2024-05-03T14:08:42","date_gmt":"2024-05-03T12:08:42","guid":{"rendered":"https:\/\/www.foyer-rural-noaillan.org\/?page_id=605"},"modified":"2026-01-18T20:35:43","modified_gmt":"2026-01-18T19:35:43","slug":"dernieres-nouvelles-2","status":"publish","type":"page","link":"https:\/\/www.foyer-rural-noaillan.org\/index.php\/dernieres-nouvelles-2\/","title":{"rendered":"Derni\u00e8res Nouvelles &#8230;"},"content":{"rendered":"\n<figure class=\"wp-block-image aligncenter size-full is-resized\"><img decoding=\"async\" src=\"https:\/\/www.foyer-rural-noaillan.org\/wp-content\/uploads\/2024\/11\/LOGO-FRN-2024-Web-399-399-1.png\" alt=\"ADN - Les Archers De Noaillan\" class=\"wp-image-734\" style=\"width:256px;height:auto\"\/><\/figure>\n\n\n\n<p class=\"has-vivid-red-color has-text-color has-link-color has-x-large-font-size wp-elements-935bd6c1aa32a03b05293a7f3a4cead3\">1 ==>> <em><strong><strong>FOIRE &amp; Vide-Greniers 2026<\/strong><\/strong><\/em><\/p>\n\n\n\n<p class=\"has-vivid-purple-color has-text-color has-link-color has-large-font-size wp-elements-939c65794f7aa1d922f53bc8414a775f\"><strong><em>C&rsquo;\u00e9tait le 22 Juin 2025<\/em><\/strong><\/p>\n\n\n\n<p class=\"has-text-align-right has-vivid-purple-color has-text-color has-link-color has-large-font-size wp-elements-f45c400f63c9c60ce85314d7e63f6c1a\"><strong><em>et ce  sera de nouveau le 24 Mai 2026&#8230;<\/em><\/strong><\/p>\n\n\n\n<figure class=\"wp-block-image aligncenter size-full\"><img loading=\"lazy\" decoding=\"async\" width=\"746\" height=\"123\" src=\"https:\/\/www.foyer-rural-noaillan.org\/wp-content\/uploads\/2025\/01\/Foire-Pub-Page-Accueil.jpg\" alt=\"\" class=\"wp-image-1007\" srcset=\"https:\/\/www.foyer-rural-noaillan.org\/wp-content\/uploads\/2025\/01\/Foire-Pub-Page-Accueil.jpg 746w, https:\/\/www.foyer-rural-noaillan.org\/wp-content\/uploads\/2025\/01\/Foire-Pub-Page-Accueil-300x49.jpg 300w\" sizes=\"auto, (max-width: 746px) 100vw, 746px\" \/><\/figure>\n\n\n\n<p class=\"has-vivid-purple-color has-text-color has-link-color has-large-font-size wp-elements-ce1b3e58475297b957f3f48e4036d653\"><strong><em>toujours sur les Rives du Ciron \u00e0 Noaillan<\/em><\/strong><\/p>\n\n\n\n<figure class=\"wp-block-image aligncenter size-full\"><img loading=\"lazy\" decoding=\"async\" width=\"738\" height=\"484\" src=\"https:\/\/www.foyer-rural-noaillan.org\/wp-content\/uploads\/2026\/01\/Rives-Ciron-Noaillan-1.jpg\" alt=\"\" class=\"wp-image-1206\" srcset=\"https:\/\/www.foyer-rural-noaillan.org\/wp-content\/uploads\/2026\/01\/Rives-Ciron-Noaillan-1.jpg 738w, https:\/\/www.foyer-rural-noaillan.org\/wp-content\/uploads\/2026\/01\/Rives-Ciron-Noaillan-1-300x197.jpg 300w\" sizes=\"auto, (max-width: 738px) 100vw, 738px\" \/><figcaption class=\"wp-element-caption\"><strong><em>On y fl\u00e2ne au gr\u00e9 du courant<\/em><\/strong><\/figcaption><\/figure>\n\n\n\n<p><\/p>\n\n\n\n<p><\/p>\n\n\n\n<p class=\"has-vivid-red-color has-text-color has-link-color has-x-large-font-size wp-elements-a71ca3aa3fb249806f23497429a49de0\">2 ==&gt;&gt; <em><strong><strong>bulletin municipal de Noaillan<\/strong><\/strong><\/em><\/p>\n\n\n\n<p class=\"has-large-font-size\"><strong><em>Souvenir &#8230; le P&rsquo;tit Noaillannais N\u00b0 17 &#8211; \u00c9t\u00e9 2024<\/em><\/strong><\/p>\n\n\n\n<p class=\"has-large-font-size\"><strong><em><a href=\"https:\/\/www.foyer-rural-noaillan.org\/wp-content\/uploads\/2024\/07\/WEB-Ptit-Noaillannais-n17-ete-2024.pdf\" target=\"_blank\" rel=\"noreferrer noopener\">voir l&rsquo;article sur notre associa<\/a><a href=\"https:\/\/www.foyer-rural-noaillan.org\/wp-content\/uploads\/2024\/07\/WEB-Ptit-Noaillannais-n17-ete-2024.pdf\">tion \u00ab\u00a0les Archers du Domaine\u00a0\u00bb <\/a><\/em><\/strong><\/p>\n\n\n\n<figure class=\"wp-block-image aligncenter size-full is-resized\"><img loading=\"lazy\" decoding=\"async\" width=\"789\" height=\"458\" src=\"https:\/\/www.foyer-rural-noaillan.org\/wp-content\/uploads\/2024\/11\/Le-Ptit-Noaillannais-PhotoADN.jpg\" alt=\"\" class=\"wp-image-787\" style=\"width:291px;height:auto\" srcset=\"https:\/\/www.foyer-rural-noaillan.org\/wp-content\/uploads\/2024\/11\/Le-Ptit-Noaillannais-PhotoADN.jpg 789w, https:\/\/www.foyer-rural-noaillan.org\/wp-content\/uploads\/2024\/11\/Le-Ptit-Noaillannais-PhotoADN-300x174.jpg 300w, https:\/\/www.foyer-rural-noaillan.org\/wp-content\/uploads\/2024\/11\/Le-Ptit-Noaillannais-PhotoADN-768x446.jpg 768w\" sizes=\"auto, (max-width: 789px) 100vw, 789px\" \/><\/figure>\n\n\n\n<p class=\"has-luminous-vivid-orange-color has-text-color has-link-color has-medium-font-size wp-elements-f28323a6874982b24cf0a458b4011e50\"> pour mieux nous faire conna\u00eetre et reconna\u00eetre dans notre village<\/p>\n\n\n\n<p><\/p>\n\n\n\n<p class=\"has-vivid-red-color has-text-color has-link-color has-x-large-font-size wp-elements-69daab6b214280c53f4c658ba125f036\">3 ==&gt;&gt; <em><strong><strong>Archers, \u00e0 vos FL\u00c8CHES<\/strong><\/strong><\/em><\/p>\n\n\n\n<p class=\"has-large-font-size\"><strong><em>Vous \u00eates pr\u00eats \u00e0 compter vos points<\/em><\/strong><\/p>\n\n\n\n<p class=\"has-luminous-vivid-orange-color has-text-color has-link-color has-medium-font-size wp-elements-27c554f9aed505ba80eb6b496fd32d6a\"><strong>pour le plaisir<\/strong> nous allons nous affronter par \u00e9quipes sur quelques blasons particuliers &#8230;<\/p>\n\n\n\n<p><\/p>\n\n\n\n<p><\/p>\n\n\n\n<div class=\"wp-block-columns is-layout-flex wp-container-core-columns-is-layout-28f84493 wp-block-columns-is-layout-flex\">\n<div class=\"wp-block-column is-layout-flow wp-block-column-is-layout-flow\" style=\"flex-basis:100%\">\n<figure class=\"wp-block-gallery has-nested-images columns-default is-cropped wp-block-gallery-1 is-layout-flex wp-block-gallery-is-layout-flex\">\n<figure class=\"wp-block-image size-full\"><img loading=\"lazy\" decoding=\"async\" width=\"227\" height=\"300\" data-id=\"776\" src=\"https:\/\/www.foyer-rural-noaillan.org\/wp-content\/uploads\/2024\/11\/Blason-Poissons.jpg\" alt=\"\" class=\"wp-image-776\"\/><\/figure>\n\n\n\n<figure class=\"wp-block-image size-full\"><img loading=\"lazy\" decoding=\"async\" width=\"223\" height=\"300\" data-id=\"777\" src=\"https:\/\/www.foyer-rural-noaillan.org\/wp-content\/uploads\/2024\/11\/Blason-Puzzle.jpg\" alt=\"\" class=\"wp-image-777\"\/><\/figure>\n\n\n\n<figure class=\"wp-block-image size-full\"><img loading=\"lazy\" decoding=\"async\" width=\"306\" height=\"300\" data-id=\"775\" src=\"https:\/\/www.foyer-rural-noaillan.org\/wp-content\/uploads\/2024\/11\/Blason-Halloween.jpg\" alt=\"\" class=\"wp-image-775\" srcset=\"https:\/\/www.foyer-rural-noaillan.org\/wp-content\/uploads\/2024\/11\/Blason-Halloween.jpg 306w, https:\/\/www.foyer-rural-noaillan.org\/wp-content\/uploads\/2024\/11\/Blason-Halloween-300x294.jpg 300w\" sizes=\"auto, (max-width: 306px) 100vw, 306px\" \/><\/figure>\n<\/figure>\n<\/div>\n<\/div>\n\n\n\n<div class=\"wp-block-columns is-layout-flex wp-container-core-columns-is-layout-28f84493 wp-block-columns-is-layout-flex\">\n<div class=\"wp-block-column is-layout-flow wp-block-column-is-layout-flow\" style=\"flex-basis:100%\"><\/div>\n<\/div>\n\n\n\n<div class=\"wp-block-columns is-layout-flex wp-container-core-columns-is-layout-28f84493 wp-block-columns-is-layout-flex\">\n<div class=\"wp-block-column is-layout-flow wp-block-column-is-layout-flow\" style=\"flex-basis:100%\"><\/div>\n<\/div>\n\n\n\n<p class=\"has-vivid-red-color has-text-color has-link-color has-x-large-font-size wp-elements-d14fc485d37c66326b95b63bff641a65\">4 ==&gt;&gt; <em><strong><strong>nos adh\u00e9rents s&rsquo;\u00e9quipent &#8230;<\/strong><\/strong><\/em><\/p>\n\n\n\n<figure class=\"wp-block-image aligncenter size-full\"><img loading=\"lazy\" decoding=\"async\" width=\"252\" height=\"252\" src=\"https:\/\/www.foyer-rural-noaillan.org\/wp-content\/uploads\/2024\/11\/Alain-CiblePerso-1.jpg\" alt=\"\" class=\"wp-image-821\" srcset=\"https:\/\/www.foyer-rural-noaillan.org\/wp-content\/uploads\/2024\/11\/Alain-CiblePerso-1.jpg 252w, https:\/\/www.foyer-rural-noaillan.org\/wp-content\/uploads\/2024\/11\/Alain-CiblePerso-1-150x150.jpg 150w\" sizes=\"auto, (max-width: 252px) 100vw, 252px\" \/><\/figure>\n\n\n\n<figure class=\"wp-block-image aligncenter size-full is-resized\"><img loading=\"lazy\" decoding=\"async\" width=\"274\" height=\"365\" src=\"https:\/\/www.foyer-rural-noaillan.org\/wp-content\/uploads\/2025\/04\/Alain-Ratelier-Arcs-2025mar29.jpg\" alt=\"Ratelier Alain\" class=\"wp-image-1059\" style=\"width:250px;height:auto\" srcset=\"https:\/\/www.foyer-rural-noaillan.org\/wp-content\/uploads\/2025\/04\/Alain-Ratelier-Arcs-2025mar29.jpg 274w, https:\/\/www.foyer-rural-noaillan.org\/wp-content\/uploads\/2025\/04\/Alain-Ratelier-Arcs-2025mar29-225x300.jpg 225w\" sizes=\"auto, (max-width: 274px) 100vw, 274px\" \/><figcaption class=\"wp-element-caption\"><strong><em><strong><mark style=\"background-color:rgba(0, 0, 0, 0)\" class=\"has-inline-color has-primary-color\"><em>un bel exemple avec Alain<\/em><\/mark><\/strong><\/em><\/strong><\/figcaption><\/figure>\n\n\n\n<figure class=\"wp-block-image aligncenter size-full is-resized\"><img loading=\"lazy\" decoding=\"async\" width=\"425\" height=\"756\" src=\"https:\/\/www.foyer-rural-noaillan.org\/wp-content\/uploads\/2025\/09\/Sven-Mur-Arcs-Web.jpg\" alt=\"\" class=\"wp-image-1157\" style=\"width:245px;height:auto\" srcset=\"https:\/\/www.foyer-rural-noaillan.org\/wp-content\/uploads\/2025\/09\/Sven-Mur-Arcs-Web.jpg 425w, https:\/\/www.foyer-rural-noaillan.org\/wp-content\/uploads\/2025\/09\/Sven-Mur-Arcs-Web-169x300.jpg 169w\" sizes=\"auto, (max-width: 425px) 100vw, 425px\" \/><figcaption class=\"wp-element-caption\"><strong><em><mark style=\"background-color:rgba(0, 0, 0, 0)\" class=\"has-inline-color has-primary-color\">et avec Sven<\/mark><\/em><\/strong><\/figcaption><\/figure>\n\n\n\n<p class=\"has-vivid-red-color has-text-color has-link-color has-x-large-font-size wp-elements-6ea731f5ba4ef98f265bc9405e8a8c50\">5 ==&gt;&gt; <em><strong><strong>encore de Nouvelles Vid\u00e9os &#8230;<\/strong><\/strong><\/em><\/p>\n\n\n\n<p class=\"has-medium-font-size\"><strong><em><a href=\"https:\/\/www.foyer-rural-noaillan.org\/index.php\/technique-et-position-archer\/\" rel=\"nofollow\">R<\/a><a href=\"https:\/\/www.foyer-rural-noaillan.org\/index.php\/technique-et-position-archer\/\">endez-vous dans l&rsquo;Espace Adh\u00e9rent<\/a><\/em><\/strong><\/p>\n\n\n\n<p class=\"has-text-align-right has-primary-color has-text-color has-link-color wp-elements-6f30600b216884b015ccdc763ed91b09\"><strong><em><a href=\"https:\/\/www.foyer-rural-noaillan.org\/index.php\">Retour \u00e0 l&rsquo;accueil<\/a><\/em><\/strong><\/p>\n\n\n\n<p><\/p>\n","protected":false},"excerpt":{"rendered":"<p>1 ==>> FOIRE &amp; Vide-Greniers 2026 C&rsquo;\u00e9tait le 22 Juin 2025 et ce sera de nouveau le 24 Mai 2026&#8230; toujours sur les Rives du Ciron \u00e0 Noaillan 2 ==&gt;&gt; bulletin municipal de Noaillan Souvenir &#8230; le P&rsquo;tit Noaillannais N\u00b0 17 &#8211; \u00c9t\u00e9 2024 voir l&rsquo;article sur notre association \u00ab\u00a0les Archers du Domaine\u00a0\u00bb pour mieux [&hellip;]<\/p>\n","protected":false},"author":1,"featured_media":0,"parent":0,"menu_order":0,"comment_status":"open","ping_status":"closed","template":"","meta":{"footnotes":""},"class_list":["post-605","page","type-page","status-publish","hentry"],"yoast_head":"<!-- This site is optimized with the Yoast SEO plugin v27.3 - https:\/\/yoast.com\/product\/yoast-seo-wordpress\/ -->\n<title>Les Archers du Domaine - Foyer Rural de Noaillan - Derni\u00e8res Nouvelles ...<\/title>\n<meta name=\"description\" content=\"Les Archers du Domaine - Foyer Rural de Noaillan - Derni\u00e8res Nouvelles ...\" \/>\n<meta name=\"robots\" content=\"index, follow, max-snippet:-1, max-image-preview:large, max-video-preview:-1\" \/>\n<link rel=\"canonical\" href=\"https:\/\/www.foyer-rural-noaillan.org\/index.php\/dernieres-nouvelles-2\/\" \/>\n<meta property=\"og:locale\" content=\"fr_FR\" \/>\n<meta property=\"og:type\" content=\"article\" \/>\n<meta property=\"og:title\" content=\"Les Archers du Domaine - Foyer Rural de Noaillan - Derni\u00e8res Nouvelles ...\" \/>\n<meta property=\"og:description\" content=\"Les Archers du Domaine - Foyer Rural de Noaillan - Derni\u00e8res Nouvelles ...\" \/>\n<meta property=\"og:url\" content=\"https:\/\/www.foyer-rural-noaillan.org\/index.php\/dernieres-nouvelles-2\/\" \/>\n<meta property=\"og:site_name\" content=\"Les Archers du Domaine - Foyer Rural de Noaillan\" \/>\n<meta property=\"article:publisher\" content=\"https:\/\/www.facebook.com\/foyerruralnoaillan\/\" \/>\n<meta property=\"article:modified_time\" content=\"2026-01-18T19:35:43+00:00\" \/>\n<meta name=\"twitter:card\" content=\"summary_large_image\" \/>\n<meta name=\"twitter:label1\" content=\"Dur\u00e9e de lecture estim\u00e9e\" \/>\n\t<meta name=\"twitter:data1\" content=\"3 minutes\" \/>\n<script type=\"application\/ld+json\" class=\"yoast-schema-graph\">{\"@context\":\"https:\\\/\\\/schema.org\",\"@graph\":[{\"@type\":\"WebPage\",\"@id\":\"https:\\\/\\\/www.foyer-rural-noaillan.org\\\/index.php\\\/dernieres-nouvelles-2\\\/\",\"url\":\"https:\\\/\\\/www.foyer-rural-noaillan.org\\\/index.php\\\/dernieres-nouvelles-2\\\/\",\"name\":\"Les Archers du Domaine - Foyer Rural de Noaillan - Derni\u00e8res Nouvelles ...\",\"isPartOf\":{\"@id\":\"https:\\\/\\\/www.foyer-rural-noaillan.org\\\/#website\"},\"primaryImageOfPage\":{\"@id\":\"https:\\\/\\\/www.foyer-rural-noaillan.org\\\/index.php\\\/dernieres-nouvelles-2\\\/#primaryimage\"},\"image\":{\"@id\":\"https:\\\/\\\/www.foyer-rural-noaillan.org\\\/index.php\\\/dernieres-nouvelles-2\\\/#primaryimage\"},\"thumbnailUrl\":\"https:\\\/\\\/www.foyer-rural-noaillan.org\\\/wp-content\\\/uploads\\\/2024\\\/11\\\/LOGO-FRN-2024-Web-399-399-1.png\",\"datePublished\":\"2024-05-03T12:08:42+00:00\",\"dateModified\":\"2026-01-18T19:35:43+00:00\",\"description\":\"Les Archers du Domaine - Foyer Rural de Noaillan - Derni\u00e8res Nouvelles ...\",\"breadcrumb\":{\"@id\":\"https:\\\/\\\/www.foyer-rural-noaillan.org\\\/index.php\\\/dernieres-nouvelles-2\\\/#breadcrumb\"},\"inLanguage\":\"fr-FR\",\"potentialAction\":[{\"@type\":\"ReadAction\",\"target\":[\"https:\\\/\\\/www.foyer-rural-noaillan.org\\\/index.php\\\/dernieres-nouvelles-2\\\/\"]}]},{\"@type\":\"ImageObject\",\"inLanguage\":\"fr-FR\",\"@id\":\"https:\\\/\\\/www.foyer-rural-noaillan.org\\\/index.php\\\/dernieres-nouvelles-2\\\/#primaryimage\",\"url\":\"\",\"contentUrl\":\"\"},{\"@type\":\"BreadcrumbList\",\"@id\":\"https:\\\/\\\/www.foyer-rural-noaillan.org\\\/index.php\\\/dernieres-nouvelles-2\\\/#breadcrumb\",\"itemListElement\":[{\"@type\":\"ListItem\",\"position\":1,\"name\":\"Accueil\",\"item\":\"https:\\\/\\\/www.foyer-rural-noaillan.org\\\/\"},{\"@type\":\"ListItem\",\"position\":2,\"name\":\"Derni\u00e8res Nouvelles &#8230;\"}]},{\"@type\":\"WebSite\",\"@id\":\"https:\\\/\\\/www.foyer-rural-noaillan.org\\\/#website\",\"url\":\"https:\\\/\\\/www.foyer-rural-noaillan.org\\\/\",\"name\":\"www.foyer-rural-noaillan.org\",\"description\":\"les Archers du Domaine - Foyer Rural de Noaillan - Association \u00e0 but non lucratif - Sud Gironde - Aquitaine\",\"publisher\":{\"@id\":\"https:\\\/\\\/www.foyer-rural-noaillan.org\\\/#organization\"},\"alternateName\":\"les-archers-du-domaine\",\"potentialAction\":[{\"@type\":\"SearchAction\",\"target\":{\"@type\":\"EntryPoint\",\"urlTemplate\":\"https:\\\/\\\/www.foyer-rural-noaillan.org\\\/?s={search_term_string}\"},\"query-input\":{\"@type\":\"PropertyValueSpecification\",\"valueRequired\":true,\"valueName\":\"search_term_string\"}}],\"inLanguage\":\"fr-FR\"},{\"@type\":\"Organization\",\"@id\":\"https:\\\/\\\/www.foyer-rural-noaillan.org\\\/#organization\",\"name\":\"Foyer Rural de Noaillan\",\"alternateName\":\"Les Archers du Domaine - Noaillan\",\"url\":\"https:\\\/\\\/www.foyer-rural-noaillan.org\\\/\",\"logo\":{\"@type\":\"ImageObject\",\"inLanguage\":\"fr-FR\",\"@id\":\"https:\\\/\\\/www.foyer-rural-noaillan.org\\\/#\\\/schema\\\/logo\\\/image\\\/\",\"url\":\"https:\\\/\\\/www.foyer-rural-noaillan.org\\\/wp-content\\\/uploads\\\/2024\\\/04\\\/cropped-Idee-Logo-ARCHERS.jpg\",\"contentUrl\":\"https:\\\/\\\/www.foyer-rural-noaillan.org\\\/wp-content\\\/uploads\\\/2024\\\/04\\\/cropped-Idee-Logo-ARCHERS.jpg\",\"width\":512,\"height\":512,\"caption\":\"Foyer Rural de Noaillan\"},\"image\":{\"@id\":\"https:\\\/\\\/www.foyer-rural-noaillan.org\\\/#\\\/schema\\\/logo\\\/image\\\/\"},\"sameAs\":[\"https:\\\/\\\/www.facebook.com\\\/foyerruralnoaillan\\\/\"]}]}<\/script>\n<!-- \/ Yoast SEO plugin. -->","yoast_head_json":{"title":"Les Archers du Domaine - Foyer Rural de Noaillan - Derni\u00e8res Nouvelles ...","description":"Les Archers du Domaine - Foyer Rural de Noaillan - Derni\u00e8res Nouvelles ...","robots":{"index":"index","follow":"follow","max-snippet":"max-snippet:-1","max-image-preview":"max-image-preview:large","max-video-preview":"max-video-preview:-1"},"canonical":"https:\/\/www.foyer-rural-noaillan.org\/index.php\/dernieres-nouvelles-2\/","og_locale":"fr_FR","og_type":"article","og_title":"Les Archers du Domaine - Foyer Rural de Noaillan - Derni\u00e8res Nouvelles ...","og_description":"Les Archers du Domaine - Foyer Rural de Noaillan - Derni\u00e8res Nouvelles ...","og_url":"https:\/\/www.foyer-rural-noaillan.org\/index.php\/dernieres-nouvelles-2\/","og_site_name":"Les Archers du Domaine - Foyer Rural de Noaillan","article_publisher":"https:\/\/www.facebook.com\/foyerruralnoaillan\/","article_modified_time":"2026-01-18T19:35:43+00:00","twitter_card":"summary_large_image","twitter_misc":{"Dur\u00e9e de lecture estim\u00e9e":"3 minutes"},"schema":{"@context":"https:\/\/schema.org","@graph":[{"@type":"WebPage","@id":"https:\/\/www.foyer-rural-noaillan.org\/index.php\/dernieres-nouvelles-2\/","url":"https:\/\/www.foyer-rural-noaillan.org\/index.php\/dernieres-nouvelles-2\/","name":"Les Archers du Domaine - Foyer Rural de Noaillan - Derni\u00e8res Nouvelles ...","isPartOf":{"@id":"https:\/\/www.foyer-rural-noaillan.org\/#website"},"primaryImageOfPage":{"@id":"https:\/\/www.foyer-rural-noaillan.org\/index.php\/dernieres-nouvelles-2\/#primaryimage"},"image":{"@id":"https:\/\/www.foyer-rural-noaillan.org\/index.php\/dernieres-nouvelles-2\/#primaryimage"},"thumbnailUrl":"https:\/\/www.foyer-rural-noaillan.org\/wp-content\/uploads\/2024\/11\/LOGO-FRN-2024-Web-399-399-1.png","datePublished":"2024-05-03T12:08:42+00:00","dateModified":"2026-01-18T19:35:43+00:00","description":"Les Archers du Domaine - Foyer Rural de Noaillan - Derni\u00e8res Nouvelles ...","breadcrumb":{"@id":"https:\/\/www.foyer-rural-noaillan.org\/index.php\/dernieres-nouvelles-2\/#breadcrumb"},"inLanguage":"fr-FR","potentialAction":[{"@type":"ReadAction","target":["https:\/\/www.foyer-rural-noaillan.org\/index.php\/dernieres-nouvelles-2\/"]}]},{"@type":"ImageObject","inLanguage":"fr-FR","@id":"https:\/\/www.foyer-rural-noaillan.org\/index.php\/dernieres-nouvelles-2\/#primaryimage","url":"","contentUrl":""},{"@type":"BreadcrumbList","@id":"https:\/\/www.foyer-rural-noaillan.org\/index.php\/dernieres-nouvelles-2\/#breadcrumb","itemListElement":[{"@type":"ListItem","position":1,"name":"Accueil","item":"https:\/\/www.foyer-rural-noaillan.org\/"},{"@type":"ListItem","position":2,"name":"Derni\u00e8res Nouvelles &#8230;"}]},{"@type":"WebSite","@id":"https:\/\/www.foyer-rural-noaillan.org\/#website","url":"https:\/\/www.foyer-rural-noaillan.org\/","name":"www.foyer-rural-noaillan.org","description":"les Archers du Domaine - Foyer Rural de Noaillan - Association \u00e0 but non lucratif - Sud Gironde - Aquitaine","publisher":{"@id":"https:\/\/www.foyer-rural-noaillan.org\/#organization"},"alternateName":"les-archers-du-domaine","potentialAction":[{"@type":"SearchAction","target":{"@type":"EntryPoint","urlTemplate":"https:\/\/www.foyer-rural-noaillan.org\/?s={search_term_string}"},"query-input":{"@type":"PropertyValueSpecification","valueRequired":true,"valueName":"search_term_string"}}],"inLanguage":"fr-FR"},{"@type":"Organization","@id":"https:\/\/www.foyer-rural-noaillan.org\/#organization","name":"Foyer Rural de Noaillan","alternateName":"Les Archers du Domaine - Noaillan","url":"https:\/\/www.foyer-rural-noaillan.org\/","logo":{"@type":"ImageObject","inLanguage":"fr-FR","@id":"https:\/\/www.foyer-rural-noaillan.org\/#\/schema\/logo\/image\/","url":"https:\/\/www.foyer-rural-noaillan.org\/wp-content\/uploads\/2024\/04\/cropped-Idee-Logo-ARCHERS.jpg","contentUrl":"https:\/\/www.foyer-rural-noaillan.org\/wp-content\/uploads\/2024\/04\/cropped-Idee-Logo-ARCHERS.jpg","width":512,"height":512,"caption":"Foyer Rural de Noaillan"},"image":{"@id":"https:\/\/www.foyer-rural-noaillan.org\/#\/schema\/logo\/image\/"},"sameAs":["https:\/\/www.facebook.com\/foyerruralnoaillan\/"]}]}},"_links":{"self":[{"href":"https:\/\/www.foyer-rural-noaillan.org\/index.php\/wp-json\/wp\/v2\/pages\/605","targetHints":{"allow":["GET"]}}],"collection":[{"href":"https:\/\/www.foyer-rural-noaillan.org\/index.php\/wp-json\/wp\/v2\/pages"}],"about":[{"href":"https:\/\/www.foyer-rural-noaillan.org\/index.php\/wp-json\/wp\/v2\/types\/page"}],"author":[{"embeddable":true,"href":"https:\/\/www.foyer-rural-noaillan.org\/index.php\/wp-json\/wp\/v2\/users\/1"}],"replies":[{"embeddable":true,"href":"https:\/\/www.foyer-rural-noaillan.org\/index.php\/wp-json\/wp\/v2\/comments?post=605"}],"version-history":[{"count":48,"href":"https:\/\/www.foyer-rural-noaillan.org\/index.php\/wp-json\/wp\/v2\/pages\/605\/revisions"}],"predecessor-version":[{"id":1222,"href":"https:\/\/www.foyer-rural-noaillan.org\/index.php\/wp-json\/wp\/v2\/pages\/605\/revisions\/1222"}],"wp:attachment":[{"href":"https:\/\/www.foyer-rural-noaillan.org\/index.php\/wp-json\/wp\/v2\/media?parent=605"}],"curies":[{"name":"wp","href":"https:\/\/api.w.org\/{rel}","templated":true}]}}